{"id":14039,"date":"2021-08-06T10:12:54","date_gmt":"2021-08-06T08:12:54","guid":{"rendered":"https:\/\/www.rindab.se\/en\/webshop\/uncategorized\/fenix-ficklampa-e12-v2-0-160-lumen\/"},"modified":"2024-11-05T16:47:57","modified_gmt":"2024-11-05T15:47:57","slug":"fenix-ficklampa-e12-v2-0-160-lumen","status":"publish","type":"product","link":"https:\/\/www.rindab.se\/en\/webshop\/fenix-ficklampa-e12-v2-0-160-lumen\/","title":{"rendered":"FENIX FICKLAMPA E12 V2.0 160 LUMEN"},"content":{"rendered":"<p><\/p>\n<p>Fenix E12 V2.0 \u00e4r en mini LED lampa med 160 lumen h\u00f6gintensivt ljus, framtagen f\u00f6r att ge s\u00e5 mycket ljus som m\u00f6jligt i ett s\u00e5 litet format som m\u00f6jligt. V\u00e4lj mellan tre ljusniv\u00e5er med en brytare i \u00e4nden av lampan. Du kan allts\u00e5 enkelt justera ljusstyrkan f\u00f6r att f\u00f6rl\u00e4nga batteritiden.&nbsp;<\/p>\n<p><\/p>\n<p><\/p>\n<p><strong>Funktioner<\/strong><strong>:<br \/><\/strong>\u2022 Best\u00e5r av MATCH CA18 cool white LED med en livsl\u00e4ngd p\u00e5 50 000 timmar<br \/>\u2022 Drivs av ett AA-batteri (Ni-MH\/alkalisk)<br \/>\u2022 Digitalt reglerad utg\u00e5ng &#8211; h\u00e5ller konstant ljusstyrka<br \/>\u2022 Polaritetsskyddad, f\u00f6r att skydda mot felaktig batteriinstallation<br \/>\u2022 Praktisk p\u00e5\/av brytare i \u00e4nden<br \/>\u2022 Fickkl\u00e4mma med dubbla f\u00e4sten, kan st\u00e5 p\u00e5 \u00e4nden<br \/>\u2022 Tillverkad av slitstarkt flygplansaluminium A6061-T6<br \/>\u2022 Premium Typ III h\u00e5rd anodiserad n\u00e4stintill orepbar yta<br \/>\u2022 H\u00f6geffektiv totalreflexions lins<\/p>\n<p><\/p>\n<p><\/p>\n<p><strong>Data<\/strong><strong>:<br \/><\/strong>Lumen: 160<br \/>St\u00f6tt\u00e5lig: 1 m<br \/>Vattent\u00e4t: IP68, 2 m<br \/>Batterier: 1 AA-batteri (ing\u00e5r)<br \/>LED: MATCH CA18 cool white LED med en livsl\u00e4ngd p\u00e5 50 000 timmar<br \/>M\u00e5tt: 76,6 mm l\u00e4ngd x 17,6 mm diameter<br \/>Vikt: 27,3 gram (utan batteri)<\/p>\n<p><\/p>\n<p><\/p>\n<p><strong>Mode:&nbsp;<\/strong><strong>H\u00f6g<\/strong><br \/>Lumen: 160<br \/>Batteritid: 1 tim<br \/>Ljusl\u00e4ngd: 68 m<\/p>\n<p><strong>Mode: Medium<\/strong><br \/>Lumen: 30<br \/>Batteritid: 13 tim<br \/>Ljusl\u00e4ngd: 28 m<\/p>\n<p><\/p>\n<p><\/p>\n<p><strong>Mode:&nbsp;<\/strong><strong>L\u00e5g<\/strong><br \/>Lumen: 5<br \/>Batteritid: 70 tim<br \/>Ljusl\u00e4ngd: 12 m<\/p>\n<p><\/p>","protected":false},"excerpt":{"rendered":"<p>Fenix E12 V2.0 \u00e4r en mini LED lampa med 160 lumen h\u00f6gintensivt ljus, framtagen f\u00f6r att ge s\u00e5 mycket ljus som m\u00f6jligt i ett s\u00e5 litet format som m\u00f6jligt. V\u00e4lj mellan tre ljusniv\u00e5er med en brytare i \u00e4nden av lampan. Du kan allts\u00e5 enkelt justera ljusstyrkan f\u00f6r att f\u00f6rl\u00e4nga batteritiden.&nbsp;<\/p>\n<p><strong>Funktioner<\/strong><strong>:<br \/><\/strong>\u2022 Best\u00e5r av MATCH CA18 cool white LED med en livsl\u00e4ngd p\u00e5 50 000 timmar<br \/>\u2022 Drivs av ett AA-batteri (Ni-MH\/alkalisk)<br \/>\u2022 Digitalt reglerad utg\u00e5ng &#8211; h\u00e5ller konstant ljusstyrka<br \/>\u2022 Polaritetsskyddad, f\u00f6r att skydda mot felaktig batteriinstallation<br \/>\u2022 Praktisk p\u00e5\/av brytare i \u00e4nden<br \/>\u2022 Fickkl\u00e4mma med dubbla f\u00e4sten, kan st\u00e5 p\u00e5 \u00e4nden<br \/>\u2022 Tillverkad av slitstarkt flygplansaluminium A6061-T6<br \/>\u2022 Premium Typ III h\u00e5rd anodiserad n\u00e4stintill orepbar yta<br \/>\u2022 H\u00f6geffektiv totalreflexions lins<\/p>\n<p><strong>Data<\/strong><strong>:<br \/><\/strong>Lumen: 160<br \/>St\u00f6tt\u00e5lig: 1 m<br \/>Vattent\u00e4t: IP68, 2 m<br \/>Batterier: 1 AA-batteri (ing\u00e5r)<br \/>LED: MATCH CA18 cool white LED med en livsl\u00e4ngd p\u00e5 50 000 timmar<br \/>M\u00e5tt: 76,6 mm l\u00e4ngd x 17,6 mm diameter<br \/>Vikt: 27,3 gram (utan batteri)<\/p>\n<p><strong>Mode:&nbsp;<\/strong><strong>H\u00f6g<\/strong><br \/>Lumen: 160<br \/>Batteritid: 1 tim<br \/>Ljusl\u00e4ngd: 68 m<\/p>\n<p><strong>Mode: Medium<\/strong><br \/>Lumen: 30<br \/>Batteritid: 13 tim<br \/>Ljusl\u00e4ngd: 28 m<\/p>\n<p><strong>Mode:&nbsp;<\/strong><strong>L\u00e5g<\/strong><br \/>Lumen: 5<br \/>Batteritid: 70 tim<br \/>Ljusl\u00e4ngd: 12 m<\/p>\n","protected":false},"featured_media":14040,"comment_status":"open","ping_status":"open","template":"","meta":{"editor_notices":[]},"product_brand":[],"product_cat":[1039,1040],"product_tag":[],"class_list":{"0":"post-14039","1":"product","2":"type-product","3":"status-publish","4":"has-post-thumbnail","6":"product_cat-e-series","7":"product_cat-flashlights","8":"","9":"woocommerce-text-align-left","10":"woocommerce-image-align-left","11":"do-quantity-buttons","13":"first","14":"outofstock","15":"taxable","16":"shipping-taxable","17":"purchasable","18":"product-type-simple"},"yoast_head":"<!-- This site is optimized with the Yoast SEO Premium plugin v25.0 (Yoast SEO v25.0) - https:\/\/yoast.com\/wordpress\/plugins\/seo\/ -->\n<title>FENIX FICKLAMPA E12 V2.0 160 LUMEN - Rindab AB<\/title>\n<meta name=\"robots\" content=\"index, follow, max-snippet:-1, max-image-preview:large, max-video-preview:-1\" \/>\n<link rel=\"canonical\" href=\"https:\/\/www.rindab.se\/en\/webbutik\/fenix-ficklampa-e12-v2-0-160-lumen\/\" \/>\n<meta property=\"og:locale\" content=\"en_GB\" \/>\n<meta property=\"og:type\" content=\"article\" \/>\n<meta property=\"og:title\" content=\"FENIX FICKLAMPA E12 V2.0 160 LUMEN\" \/>\n<meta property=\"og:description\" content=\"Fenix E12 V2.0 \u00e4r en mini LED lampa med 160 lumen h\u00f6gintensivt ljus, framtagen f\u00f6r att ge s\u00e5 mycket ljus som m\u00f6jligt i ett s\u00e5 litet format som m\u00f6jligt. V\u00e4lj mellan tre ljusniv\u00e5er med en brytare i \u00e4nden av lampan. Du kan allts\u00e5 enkelt justera ljusstyrkan f\u00f6r att f\u00f6rl\u00e4nga batteritiden.&nbsp; Funktioner:\u2022 Best\u00e5r av MATCH CA18 cool white LED med en livsl\u00e4ngd p\u00e5 50 000 timmar\u2022 Drivs av ett AA-batteri (Ni-MH\/alkalisk)\u2022 Digitalt reglerad utg\u00e5ng &#8211; h\u00e5ller konstant ljusstyrka\u2022 Polaritetsskyddad, f\u00f6r att skydda mot felaktig batteriinstallation\u2022 Praktisk p\u00e5\/av brytare i \u00e4nden\u2022 Fickkl\u00e4mma med dubbla f\u00e4sten, kan st\u00e5 p\u00e5 \u00e4nden\u2022 Tillverkad av slitstarkt flygplansaluminium A6061-T6\u2022 Premium Typ III h\u00e5rd anodiserad n\u00e4stintill orepbar yta\u2022 H\u00f6geffektiv totalreflexions lins Data:Lumen: 160St\u00f6tt\u00e5lig: 1 mVattent\u00e4t: IP68, 2 mBatterier: 1 AA-batteri (ing\u00e5r)LED: MATCH CA18 cool white LED med en livsl\u00e4ngd p\u00e5 50 000 timmarM\u00e5tt: 76,6 mm l\u00e4ngd x 17,6 mm diameterVikt: 27,3 gram (utan batteri) Mode:&nbsp;H\u00f6gLumen: 160Batteritid: 1 timLjusl\u00e4ngd: 68 m Mode: MediumLumen: 30Batteritid: 13 timLjusl\u00e4ngd: 28 m Mode:&nbsp;L\u00e5gLumen: 5Batteritid: 70 timLjusl\u00e4ngd: 12 m\" \/>\n<meta property=\"og:url\" content=\"https:\/\/www.rindab.se\/en\/webbutik\/fenix-ficklampa-e12-v2-0-160-lumen\/\" \/>\n<meta property=\"og:site_name\" content=\"Rindab AB\" \/>\n<meta property=\"article:modified_time\" content=\"2024-11-05T15:47:57+00:00\" \/>\n<meta property=\"og:image\" content=\"https:\/\/www.rindab.se\/wp-content\/uploads\/sites\/5\/2021\/11\/E12V2.0_1-1.jpg\" \/>\n\t<meta property=\"og:image:width\" content=\"600\" \/>\n\t<meta property=\"og:image:height\" content=\"600\" \/>\n\t<meta property=\"og:image:type\" content=\"image\/jpeg\" \/>\n<meta name=\"twitter:card\" content=\"summary_large_image\" \/>\n<meta name=\"twitter:label1\" content=\"Price\" \/>\n\t<meta name=\"twitter:data1\" content=\"&euro;&nbsp;26.95 EUR excl. vat\" \/>\n\t<meta name=\"twitter:label2\" content=\"Availability\" \/>\n\t<meta name=\"twitter:data2\" content=\"Out of stock\" \/>\n<script type=\"application\/ld+json\" class=\"yoast-schema-graph\">{\"@context\":\"https:\/\/schema.org\",\"@graph\":[{\"@type\":\"WebPage\",\"@id\":\"https:\/\/www.rindab.se\/en\/webbutik\/fenix-ficklampa-e12-v2-0-160-lumen\/\",\"url\":\"https:\/\/www.rindab.se\/en\/webbutik\/fenix-ficklampa-e12-v2-0-160-lumen\/\",\"name\":\"FENIX FICKLAMPA E12 V2.0 160 LUMEN - Rindab AB\",\"isPartOf\":{\"@id\":\"https:\/\/www.rindab.se\/en\/#website\"},\"primaryImageOfPage\":{\"@id\":\"https:\/\/www.rindab.se\/en\/webbutik\/fenix-ficklampa-e12-v2-0-160-lumen\/#primaryimage\"},\"image\":{\"@id\":\"https:\/\/www.rindab.se\/en\/webbutik\/fenix-ficklampa-e12-v2-0-160-lumen\/#primaryimage\"},\"thumbnailUrl\":\"https:\/\/www.rindab.se\/en\/wp-content\/uploads\/sites\/5\/2021\/11\/E12V2.0_1-1.jpg\",\"datePublished\":\"2021-08-06T08:12:54+00:00\",\"dateModified\":\"2024-11-05T15:47:57+00:00\",\"breadcrumb\":{\"@id\":\"https:\/\/www.rindab.se\/en\/webbutik\/fenix-ficklampa-e12-v2-0-160-lumen\/#breadcrumb\"},\"inLanguage\":\"en-GB\",\"potentialAction\":[{\"@type\":\"ReadAction\",\"target\":[\"https:\/\/www.rindab.se\/en\/webbutik\/fenix-ficklampa-e12-v2-0-160-lumen\/\"]}]},{\"@type\":\"ImageObject\",\"inLanguage\":\"en-GB\",\"@id\":\"https:\/\/www.rindab.se\/en\/webbutik\/fenix-ficklampa-e12-v2-0-160-lumen\/#primaryimage\",\"url\":\"https:\/\/www.rindab.se\/en\/wp-content\/uploads\/sites\/5\/2021\/11\/E12V2.0_1-1.jpg\",\"contentUrl\":\"https:\/\/www.rindab.se\/en\/wp-content\/uploads\/sites\/5\/2021\/11\/E12V2.0_1-1.jpg\",\"width\":600,\"height\":600},{\"@type\":\"BreadcrumbList\",\"@id\":\"https:\/\/www.rindab.se\/en\/webbutik\/fenix-ficklampa-e12-v2-0-160-lumen\/#breadcrumb\",\"itemListElement\":[{\"@type\":\"ListItem\",\"position\":1,\"name\":\"Home\",\"item\":\"https:\/\/www.rindab.se\/en\/\"},{\"@type\":\"ListItem\",\"position\":2,\"name\":\"Webshop\",\"item\":\"https:\/\/www.rindab.se\/en\/webshop\/\"},{\"@type\":\"ListItem\",\"position\":3,\"name\":\"FENIX FICKLAMPA E12 V2.0 160 LUMEN\"}]},{\"@type\":\"WebSite\",\"@id\":\"https:\/\/www.rindab.se\/en\/#website\",\"url\":\"https:\/\/www.rindab.se\/en\/\",\"name\":\"Rindab AB\",\"description\":\"We have the vehicle specific products you need\",\"publisher\":{\"@id\":\"https:\/\/www.rindab.se\/en\/#organization\"},\"potentialAction\":[{\"@type\":\"SearchAction\",\"target\":{\"@type\":\"EntryPoint\",\"urlTemplate\":\"https:\/\/www.rindab.se\/en\/?s={search_term_string}\"},\"query-input\":{\"@type\":\"PropertyValueSpecification\",\"valueRequired\":true,\"valueName\":\"search_term_string\"}}],\"inLanguage\":\"en-GB\"},{\"@type\":\"Organization\",\"@id\":\"https:\/\/www.rindab.se\/en\/#organization\",\"name\":\"Rindab AB\",\"url\":\"https:\/\/www.rindab.se\/en\/\",\"logo\":{\"@type\":\"ImageObject\",\"inLanguage\":\"en-GB\",\"@id\":\"https:\/\/www.rindab.se\/en\/#\/schema\/logo\/image\/\",\"url\":\"https:\/\/www.rindab.se\/en\/wp-content\/uploads\/sites\/5\/2020\/12\/cropped-RINDAB-LOGO-2018-1.png\",\"contentUrl\":\"https:\/\/www.rindab.se\/en\/wp-content\/uploads\/sites\/5\/2020\/12\/cropped-RINDAB-LOGO-2018-1.png\",\"width\":516,\"height\":79,\"caption\":\"Rindab AB\"},\"image\":{\"@id\":\"https:\/\/www.rindab.se\/en\/#\/schema\/logo\/image\/\"}}]}<\/script>\n<meta property=\"product:price:amount\" content=\"26.95\" \/>\n<meta property=\"product:price:currency\" content=\"EUR\" \/>\n<meta property=\"og:availability\" content=\"out of stock\" \/>\n<meta property=\"product:availability\" content=\"out of stock\" \/>\n<meta property=\"product:retailer_item_id\" content=\"E12V2.0\" \/>\n<meta property=\"product:condition\" content=\"new\" \/>\n<!-- \/ Yoast SEO Premium plugin. -->","yoast_head_json":{"title":"FENIX FICKLAMPA E12 V2.0 160 LUMEN - Rindab AB","robots":{"index":"index","follow":"follow","max-snippet":"max-snippet:-1","max-image-preview":"max-image-preview:large","max-video-preview":"max-video-preview:-1"},"canonical":"https:\/\/www.rindab.se\/en\/webbutik\/fenix-ficklampa-e12-v2-0-160-lumen\/","og_locale":"en_GB","og_type":"article","og_title":"FENIX FICKLAMPA E12 V2.0 160 LUMEN","og_description":"Fenix E12 V2.0 \u00e4r en mini LED lampa med 160 lumen h\u00f6gintensivt ljus, framtagen f\u00f6r att ge s\u00e5 mycket ljus som m\u00f6jligt i ett s\u00e5 litet format som m\u00f6jligt. V\u00e4lj mellan tre ljusniv\u00e5er med en brytare i \u00e4nden av lampan. Du kan allts\u00e5 enkelt justera ljusstyrkan f\u00f6r att f\u00f6rl\u00e4nga batteritiden.&nbsp; Funktioner:\u2022 Best\u00e5r av MATCH CA18 cool white LED med en livsl\u00e4ngd p\u00e5 50 000 timmar\u2022 Drivs av ett AA-batteri (Ni-MH\/alkalisk)\u2022 Digitalt reglerad utg\u00e5ng &#8211; h\u00e5ller konstant ljusstyrka\u2022 Polaritetsskyddad, f\u00f6r att skydda mot felaktig batteriinstallation\u2022 Praktisk p\u00e5\/av brytare i \u00e4nden\u2022 Fickkl\u00e4mma med dubbla f\u00e4sten, kan st\u00e5 p\u00e5 \u00e4nden\u2022 Tillverkad av slitstarkt flygplansaluminium A6061-T6\u2022 Premium Typ III h\u00e5rd anodiserad n\u00e4stintill orepbar yta\u2022 H\u00f6geffektiv totalreflexions lins Data:Lumen: 160St\u00f6tt\u00e5lig: 1 mVattent\u00e4t: IP68, 2 mBatterier: 1 AA-batteri (ing\u00e5r)LED: MATCH CA18 cool white LED med en livsl\u00e4ngd p\u00e5 50 000 timmarM\u00e5tt: 76,6 mm l\u00e4ngd x 17,6 mm diameterVikt: 27,3 gram (utan batteri) Mode:&nbsp;H\u00f6gLumen: 160Batteritid: 1 timLjusl\u00e4ngd: 68 m Mode: MediumLumen: 30Batteritid: 13 timLjusl\u00e4ngd: 28 m Mode:&nbsp;L\u00e5gLumen: 5Batteritid: 70 timLjusl\u00e4ngd: 12 m","og_url":"https:\/\/www.rindab.se\/en\/webbutik\/fenix-ficklampa-e12-v2-0-160-lumen\/","og_site_name":"Rindab AB","article_modified_time":"2024-11-05T15:47:57+00:00","og_image":[{"width":600,"height":600,"url":"https:\/\/www.rindab.se\/wp-content\/uploads\/sites\/5\/2021\/11\/E12V2.0_1-1.jpg","type":"image\/jpeg"}],"twitter_card":"summary_large_image","twitter_misc":{"Price":"&euro;&nbsp;26.95 EUR excl. vat","Availability":"Out of stock"},"schema":{"@context":"https:\/\/schema.org","@graph":[{"@type":"WebPage","@id":"https:\/\/www.rindab.se\/en\/webbutik\/fenix-ficklampa-e12-v2-0-160-lumen\/","url":"https:\/\/www.rindab.se\/en\/webbutik\/fenix-ficklampa-e12-v2-0-160-lumen\/","name":"FENIX FICKLAMPA E12 V2.0 160 LUMEN - Rindab AB","isPartOf":{"@id":"https:\/\/www.rindab.se\/en\/#website"},"primaryImageOfPage":{"@id":"https:\/\/www.rindab.se\/en\/webbutik\/fenix-ficklampa-e12-v2-0-160-lumen\/#primaryimage"},"image":{"@id":"https:\/\/www.rindab.se\/en\/webbutik\/fenix-ficklampa-e12-v2-0-160-lumen\/#primaryimage"},"thumbnailUrl":"https:\/\/www.rindab.se\/en\/wp-content\/uploads\/sites\/5\/2021\/11\/E12V2.0_1-1.jpg","datePublished":"2021-08-06T08:12:54+00:00","dateModified":"2024-11-05T15:47:57+00:00","breadcrumb":{"@id":"https:\/\/www.rindab.se\/en\/webbutik\/fenix-ficklampa-e12-v2-0-160-lumen\/#breadcrumb"},"inLanguage":"en-GB","potentialAction":[{"@type":"ReadAction","target":["https:\/\/www.rindab.se\/en\/webbutik\/fenix-ficklampa-e12-v2-0-160-lumen\/"]}]},{"@type":"ImageObject","inLanguage":"en-GB","@id":"https:\/\/www.rindab.se\/en\/webbutik\/fenix-ficklampa-e12-v2-0-160-lumen\/#primaryimage","url":"https:\/\/www.rindab.se\/en\/wp-content\/uploads\/sites\/5\/2021\/11\/E12V2.0_1-1.jpg","contentUrl":"https:\/\/www.rindab.se\/en\/wp-content\/uploads\/sites\/5\/2021\/11\/E12V2.0_1-1.jpg","width":600,"height":600},{"@type":"BreadcrumbList","@id":"https:\/\/www.rindab.se\/en\/webbutik\/fenix-ficklampa-e12-v2-0-160-lumen\/#breadcrumb","itemListElement":[{"@type":"ListItem","position":1,"name":"Home","item":"https:\/\/www.rindab.se\/en\/"},{"@type":"ListItem","position":2,"name":"Webshop","item":"https:\/\/www.rindab.se\/en\/webshop\/"},{"@type":"ListItem","position":3,"name":"FENIX FICKLAMPA E12 V2.0 160 LUMEN"}]},{"@type":"WebSite","@id":"https:\/\/www.rindab.se\/en\/#website","url":"https:\/\/www.rindab.se\/en\/","name":"Rindab AB","description":"We have the vehicle specific products you need","publisher":{"@id":"https:\/\/www.rindab.se\/en\/#organization"},"potentialAction":[{"@type":"SearchAction","target":{"@type":"EntryPoint","urlTemplate":"https:\/\/www.rindab.se\/en\/?s={search_term_string}"},"query-input":{"@type":"PropertyValueSpecification","valueRequired":true,"valueName":"search_term_string"}}],"inLanguage":"en-GB"},{"@type":"Organization","@id":"https:\/\/www.rindab.se\/en\/#organization","name":"Rindab AB","url":"https:\/\/www.rindab.se\/en\/","logo":{"@type":"ImageObject","inLanguage":"en-GB","@id":"https:\/\/www.rindab.se\/en\/#\/schema\/logo\/image\/","url":"https:\/\/www.rindab.se\/en\/wp-content\/uploads\/sites\/5\/2020\/12\/cropped-RINDAB-LOGO-2018-1.png","contentUrl":"https:\/\/www.rindab.se\/en\/wp-content\/uploads\/sites\/5\/2020\/12\/cropped-RINDAB-LOGO-2018-1.png","width":516,"height":79,"caption":"Rindab AB"},"image":{"@id":"https:\/\/www.rindab.se\/en\/#\/schema\/logo\/image\/"}}]},"product_price_amount":"26.95","product_price_currency":"EUR","og_availability":"out of stock","product_availability":"out of stock","product_retailer_item_id":"E12V2.0","product_condition":"new"},"_links":{"self":[{"href":"https:\/\/www.rindab.se\/en\/wp-json\/wp\/v2\/product\/14039","targetHints":{"allow":["GET"]}}],"collection":[{"href":"https:\/\/www.rindab.se\/en\/wp-json\/wp\/v2\/product"}],"about":[{"href":"https:\/\/www.rindab.se\/en\/wp-json\/wp\/v2\/types\/product"}],"replies":[{"embeddable":true,"href":"https:\/\/www.rindab.se\/en\/wp-json\/wp\/v2\/comments?post=14039"}],"wp:featuredmedia":[{"embeddable":true,"href":"https:\/\/www.rindab.se\/en\/wp-json\/wp\/v2\/media\/14040"}],"wp:attachment":[{"href":"https:\/\/www.rindab.se\/en\/wp-json\/wp\/v2\/media?parent=14039"}],"wp:term":[{"taxonomy":"product_brand","embeddable":true,"href":"https:\/\/www.rindab.se\/en\/wp-json\/wp\/v2\/product_brand?post=14039"},{"taxonomy":"product_cat","embeddable":true,"href":"https:\/\/www.rindab.se\/en\/wp-json\/wp\/v2\/product_cat?post=14039"},{"taxonomy":"product_tag","embeddable":true,"href":"https:\/\/www.rindab.se\/en\/wp-json\/wp\/v2\/product_tag?post=14039"}],"curies":[{"name":"wp","href":"https:\/\/api.w.org\/{rel}","templated":true}]}}