{"id":1884,"date":"2014-04-23T11:56:27","date_gmt":"2014-04-23T09:56:27","guid":{"rendered":"https:\/\/www.rindab.se\/produkt\/ansmann-photocam-iv-charger\/"},"modified":"2025-11-19T11:15:24","modified_gmt":"2025-11-19T10:15:24","slug":"ansmann-photocam-iv-charger","status":"publish","type":"product","link":"https:\/\/www.rindab.se\/en\/webshop\/ansmann-photocam-iv-charger\/","title":{"rendered":"ANSMANN PHOTOCAM IV LCD LADDARE"},"content":{"rendered":"<p><strong>Ansmann Photocam IV LCD Charger<\/strong>, \u00e4r en laddare med h\u00f6g prestanda till ett bra pris. LCD displayen visar dig direkt ditt batteris kondition samt laddning. B\u00e5de AA NiMH och AAA NiMH batterier kan laddas i Photocam laddaren.<\/p>\n<p>Laddningstiden \u00e4r ca, 2-6 timmar (med Ansmann batterier) och pluggas enkelt i v\u00e4gguttaget. Microprossesorn ser till att batterierna h\u00e5ller b\u00e4sta kondition och att de inte \u00f6verladdas.<\/p>\n<p><strong>Data:<\/strong><br \/>\n\u00b7 St\u00f6djer 10-240v<br \/>\n\u00b7 Styrning via microprossesor<br \/>\n\u00b7 Multipelt \u00f6verladdningsskydd<br \/>\n\u00b7 Pulsladdnings funktion<br \/>\n\u00b7 Laddning AA NiMH batterier 500mA<br \/>\n\u00b7 Laddning AAA NiMH batterier 500mA<\/p>\n","protected":false},"excerpt":{"rendered":"<p><strong>Ansmann Photocam IV LCD Charger<\/strong>, \u00e4r en laddare med h\u00f6g prestanda till ett bra pris. LCD displayen visar dig direkt ditt batteris kondition samt laddning. B\u00e5de AA NiMH och AAA NiMH batterier kan laddas i Photocam laddaren.<\/p>\n<p>Laddningstiden \u00e4r ca, 2-6 timmar (med Ansmann batterier) och pluggas enkelt i v\u00e4gguttaget. Microprossesorn ser till att batterierna h\u00e5ller b\u00e4sta kondition och att de inte \u00f6verladdas.  <\/p>\n<p><strong>Data:<\/strong><br \/>\u00b7 St\u00f6djer 10-240v<br \/>\u00b7 Styrning via microprossesor<br \/>\u00b7 Multipelt \u00f6verladdningsskydd<br \/>\u00b7 Pulsladdnings funktion<br \/>\u00b7 Laddning AA NiMH batterier 500mA<br \/>\u00b7 Laddning AAA NiMH batterier 500mA<\/p>\n","protected":false},"featured_media":1885,"comment_status":"open","ping_status":"closed","template":"","meta":{"editor_notices":[]},"product_brand":[],"product_cat":[947,1386],"product_tag":[],"class_list":{"0":"post-1884","1":"product","2":"type-product","3":"status-publish","4":"has-post-thumbnail","6":"product_cat-battery-chargers","7":"product_cat-batteries-chargers-fenix","8":"","9":"woocommerce-text-align-left","10":"woocommerce-image-align-left","11":"do-quantity-buttons","13":"first","14":"instock","15":"taxable","16":"shipping-taxable","17":"purchasable","18":"product-type-simple"},"yoast_head":"<!-- This site is optimized with the Yoast SEO Premium plugin v25.0 (Yoast SEO v25.0) - https:\/\/yoast.com\/wordpress\/plugins\/seo\/ -->\n<title>ANSMANN PHOTOCAM IV LCD LADDARE - Rindab AB<\/title>\n<meta name=\"robots\" content=\"index, follow, max-snippet:-1, max-image-preview:large, max-video-preview:-1\" \/>\n<link rel=\"canonical\" href=\"https:\/\/www.rindab.se\/en\/webbutik\/ansmann-photocam-iv-charger\/\" \/>\n<meta property=\"og:locale\" content=\"en_GB\" \/>\n<meta property=\"og:type\" content=\"article\" \/>\n<meta property=\"og:title\" content=\"ANSMANN PHOTOCAM IV LCD LADDARE\" \/>\n<meta property=\"og:description\" content=\"Ansmann Photocam IV LCD Charger, \u00e4r en laddare med h\u00f6g prestanda till ett bra pris. LCD displayen visar dig direkt ditt batteris kondition samt laddning. B\u00e5de AA NiMH och AAA NiMH batterier kan laddas i Photocam laddaren. Laddningstiden \u00e4r ca, 2-6 timmar (med Ansmann batterier) och pluggas enkelt i v\u00e4gguttaget. Microprossesorn ser till att batterierna h\u00e5ller b\u00e4sta kondition och att de inte \u00f6verladdas.  Data:\u00b7 St\u00f6djer 10-240v\u00b7 Styrning via microprossesor\u00b7 Multipelt \u00f6verladdningsskydd\u00b7 Pulsladdnings funktion\u00b7 Laddning AA NiMH batterier 500mA\u00b7 Laddning AAA NiMH batterier 500mA\" \/>\n<meta property=\"og:url\" content=\"https:\/\/www.rindab.se\/en\/webbutik\/ansmann-photocam-iv-charger\/\" \/>\n<meta property=\"og:site_name\" content=\"Rindab AB\" \/>\n<meta property=\"article:modified_time\" content=\"2025-11-19T10:15:24+00:00\" \/>\n<meta property=\"og:image\" content=\"https:\/\/www.rindab.se\/wp-content\/uploads\/sites\/5\/2021\/01\/5317263.jpg\" \/>\n\t<meta property=\"og:image:width\" content=\"450\" \/>\n\t<meta property=\"og:image:height\" content=\"450\" \/>\n\t<meta property=\"og:image:type\" content=\"image\/jpeg\" \/>\n<meta name=\"twitter:card\" content=\"summary_large_image\" \/>\n<meta name=\"twitter:label1\" content=\"Price\" \/>\n\t<meta name=\"twitter:data1\" content=\"&euro;&nbsp;30.56 EUR excl. vat\" \/>\n\t<meta name=\"twitter:label2\" content=\"Availability\" \/>\n\t<meta name=\"twitter:data2\" content=\"In stock\" \/>\n<script type=\"application\/ld+json\" class=\"yoast-schema-graph\">{\"@context\":\"https:\/\/schema.org\",\"@graph\":[{\"@type\":\"WebPage\",\"@id\":\"https:\/\/www.rindab.se\/en\/webbutik\/ansmann-photocam-iv-charger\/\",\"url\":\"https:\/\/www.rindab.se\/en\/webbutik\/ansmann-photocam-iv-charger\/\",\"name\":\"ANSMANN PHOTOCAM IV LCD LADDARE - Rindab AB\",\"isPartOf\":{\"@id\":\"https:\/\/www.rindab.se\/en\/#website\"},\"primaryImageOfPage\":{\"@id\":\"https:\/\/www.rindab.se\/en\/webbutik\/ansmann-photocam-iv-charger\/#primaryimage\"},\"image\":{\"@id\":\"https:\/\/www.rindab.se\/en\/webbutik\/ansmann-photocam-iv-charger\/#primaryimage\"},\"thumbnailUrl\":\"https:\/\/www.rindab.se\/en\/wp-content\/uploads\/sites\/5\/2021\/01\/5317263.jpg\",\"datePublished\":\"2014-04-23T09:56:27+00:00\",\"dateModified\":\"2025-11-19T10:15:24+00:00\",\"breadcrumb\":{\"@id\":\"https:\/\/www.rindab.se\/en\/webbutik\/ansmann-photocam-iv-charger\/#breadcrumb\"},\"inLanguage\":\"en-GB\",\"potentialAction\":[{\"@type\":\"ReadAction\",\"target\":[\"https:\/\/www.rindab.se\/en\/webbutik\/ansmann-photocam-iv-charger\/\"]}]},{\"@type\":\"ImageObject\",\"inLanguage\":\"en-GB\",\"@id\":\"https:\/\/www.rindab.se\/en\/webbutik\/ansmann-photocam-iv-charger\/#primaryimage\",\"url\":\"https:\/\/www.rindab.se\/en\/wp-content\/uploads\/sites\/5\/2021\/01\/5317263.jpg\",\"contentUrl\":\"https:\/\/www.rindab.se\/en\/wp-content\/uploads\/sites\/5\/2021\/01\/5317263.jpg\",\"width\":450,\"height\":450},{\"@type\":\"BreadcrumbList\",\"@id\":\"https:\/\/www.rindab.se\/en\/webbutik\/ansmann-photocam-iv-charger\/#breadcrumb\",\"itemListElement\":[{\"@type\":\"ListItem\",\"position\":1,\"name\":\"Home\",\"item\":\"https:\/\/www.rindab.se\/en\/\"},{\"@type\":\"ListItem\",\"position\":2,\"name\":\"Webshop\",\"item\":\"https:\/\/www.rindab.se\/en\/webshop\/\"},{\"@type\":\"ListItem\",\"position\":3,\"name\":\"ANSMANN PHOTOCAM IV LCD LADDARE\"}]},{\"@type\":\"WebSite\",\"@id\":\"https:\/\/www.rindab.se\/en\/#website\",\"url\":\"https:\/\/www.rindab.se\/en\/\",\"name\":\"Rindab AB\",\"description\":\"We have the vehicle specific products you need\",\"publisher\":{\"@id\":\"https:\/\/www.rindab.se\/en\/#organization\"},\"potentialAction\":[{\"@type\":\"SearchAction\",\"target\":{\"@type\":\"EntryPoint\",\"urlTemplate\":\"https:\/\/www.rindab.se\/en\/?s={search_term_string}\"},\"query-input\":{\"@type\":\"PropertyValueSpecification\",\"valueRequired\":true,\"valueName\":\"search_term_string\"}}],\"inLanguage\":\"en-GB\"},{\"@type\":\"Organization\",\"@id\":\"https:\/\/www.rindab.se\/en\/#organization\",\"name\":\"Rindab AB\",\"url\":\"https:\/\/www.rindab.se\/en\/\",\"logo\":{\"@type\":\"ImageObject\",\"inLanguage\":\"en-GB\",\"@id\":\"https:\/\/www.rindab.se\/en\/#\/schema\/logo\/image\/\",\"url\":\"https:\/\/www.rindab.se\/en\/wp-content\/uploads\/sites\/5\/2020\/12\/cropped-RINDAB-LOGO-2018-1.png\",\"contentUrl\":\"https:\/\/www.rindab.se\/en\/wp-content\/uploads\/sites\/5\/2020\/12\/cropped-RINDAB-LOGO-2018-1.png\",\"width\":516,\"height\":79,\"caption\":\"Rindab AB\"},\"image\":{\"@id\":\"https:\/\/www.rindab.se\/en\/#\/schema\/logo\/image\/\"}}]}<\/script>\n<meta property=\"product:price:amount\" content=\"30.56\" \/>\n<meta property=\"product:price:currency\" content=\"EUR\" \/>\n<meta property=\"og:availability\" content=\"instock\" \/>\n<meta property=\"product:availability\" content=\"instock\" \/>\n<meta property=\"product:retailer_item_id\" content=\"5317263\" \/>\n<meta property=\"product:condition\" content=\"new\" \/>\n<!-- \/ Yoast SEO Premium plugin. -->","yoast_head_json":{"title":"ANSMANN PHOTOCAM IV LCD LADDARE - Rindab AB","robots":{"index":"index","follow":"follow","max-snippet":"max-snippet:-1","max-image-preview":"max-image-preview:large","max-video-preview":"max-video-preview:-1"},"canonical":"https:\/\/www.rindab.se\/en\/webbutik\/ansmann-photocam-iv-charger\/","og_locale":"en_GB","og_type":"article","og_title":"ANSMANN PHOTOCAM IV LCD LADDARE","og_description":"Ansmann Photocam IV LCD Charger, \u00e4r en laddare med h\u00f6g prestanda till ett bra pris. LCD displayen visar dig direkt ditt batteris kondition samt laddning. B\u00e5de AA NiMH och AAA NiMH batterier kan laddas i Photocam laddaren. Laddningstiden \u00e4r ca, 2-6 timmar (med Ansmann batterier) och pluggas enkelt i v\u00e4gguttaget. Microprossesorn ser till att batterierna h\u00e5ller b\u00e4sta kondition och att de inte \u00f6verladdas.  Data:\u00b7 St\u00f6djer 10-240v\u00b7 Styrning via microprossesor\u00b7 Multipelt \u00f6verladdningsskydd\u00b7 Pulsladdnings funktion\u00b7 Laddning AA NiMH batterier 500mA\u00b7 Laddning AAA NiMH batterier 500mA","og_url":"https:\/\/www.rindab.se\/en\/webbutik\/ansmann-photocam-iv-charger\/","og_site_name":"Rindab AB","article_modified_time":"2025-11-19T10:15:24+00:00","og_image":[{"width":450,"height":450,"url":"https:\/\/www.rindab.se\/wp-content\/uploads\/sites\/5\/2021\/01\/5317263.jpg","type":"image\/jpeg"}],"twitter_card":"summary_large_image","twitter_misc":{"Price":"&euro;&nbsp;30.56 EUR excl. vat","Availability":"In stock"},"schema":{"@context":"https:\/\/schema.org","@graph":[{"@type":"WebPage","@id":"https:\/\/www.rindab.se\/en\/webbutik\/ansmann-photocam-iv-charger\/","url":"https:\/\/www.rindab.se\/en\/webbutik\/ansmann-photocam-iv-charger\/","name":"ANSMANN PHOTOCAM IV LCD LADDARE - Rindab AB","isPartOf":{"@id":"https:\/\/www.rindab.se\/en\/#website"},"primaryImageOfPage":{"@id":"https:\/\/www.rindab.se\/en\/webbutik\/ansmann-photocam-iv-charger\/#primaryimage"},"image":{"@id":"https:\/\/www.rindab.se\/en\/webbutik\/ansmann-photocam-iv-charger\/#primaryimage"},"thumbnailUrl":"https:\/\/www.rindab.se\/en\/wp-content\/uploads\/sites\/5\/2021\/01\/5317263.jpg","datePublished":"2014-04-23T09:56:27+00:00","dateModified":"2025-11-19T10:15:24+00:00","breadcrumb":{"@id":"https:\/\/www.rindab.se\/en\/webbutik\/ansmann-photocam-iv-charger\/#breadcrumb"},"inLanguage":"en-GB","potentialAction":[{"@type":"ReadAction","target":["https:\/\/www.rindab.se\/en\/webbutik\/ansmann-photocam-iv-charger\/"]}]},{"@type":"ImageObject","inLanguage":"en-GB","@id":"https:\/\/www.rindab.se\/en\/webbutik\/ansmann-photocam-iv-charger\/#primaryimage","url":"https:\/\/www.rindab.se\/en\/wp-content\/uploads\/sites\/5\/2021\/01\/5317263.jpg","contentUrl":"https:\/\/www.rindab.se\/en\/wp-content\/uploads\/sites\/5\/2021\/01\/5317263.jpg","width":450,"height":450},{"@type":"BreadcrumbList","@id":"https:\/\/www.rindab.se\/en\/webbutik\/ansmann-photocam-iv-charger\/#breadcrumb","itemListElement":[{"@type":"ListItem","position":1,"name":"Home","item":"https:\/\/www.rindab.se\/en\/"},{"@type":"ListItem","position":2,"name":"Webshop","item":"https:\/\/www.rindab.se\/en\/webshop\/"},{"@type":"ListItem","position":3,"name":"ANSMANN PHOTOCAM IV LCD LADDARE"}]},{"@type":"WebSite","@id":"https:\/\/www.rindab.se\/en\/#website","url":"https:\/\/www.rindab.se\/en\/","name":"Rindab AB","description":"We have the vehicle specific products you need","publisher":{"@id":"https:\/\/www.rindab.se\/en\/#organization"},"potentialAction":[{"@type":"SearchAction","target":{"@type":"EntryPoint","urlTemplate":"https:\/\/www.rindab.se\/en\/?s={search_term_string}"},"query-input":{"@type":"PropertyValueSpecification","valueRequired":true,"valueName":"search_term_string"}}],"inLanguage":"en-GB"},{"@type":"Organization","@id":"https:\/\/www.rindab.se\/en\/#organization","name":"Rindab AB","url":"https:\/\/www.rindab.se\/en\/","logo":{"@type":"ImageObject","inLanguage":"en-GB","@id":"https:\/\/www.rindab.se\/en\/#\/schema\/logo\/image\/","url":"https:\/\/www.rindab.se\/en\/wp-content\/uploads\/sites\/5\/2020\/12\/cropped-RINDAB-LOGO-2018-1.png","contentUrl":"https:\/\/www.rindab.se\/en\/wp-content\/uploads\/sites\/5\/2020\/12\/cropped-RINDAB-LOGO-2018-1.png","width":516,"height":79,"caption":"Rindab AB"},"image":{"@id":"https:\/\/www.rindab.se\/en\/#\/schema\/logo\/image\/"}}]},"product_price_amount":"30.56","product_price_currency":"EUR","og_availability":"instock","product_availability":"instock","product_retailer_item_id":"5317263","product_condition":"new"},"_links":{"self":[{"href":"https:\/\/www.rindab.se\/en\/wp-json\/wp\/v2\/product\/1884","targetHints":{"allow":["GET"]}}],"collection":[{"href":"https:\/\/www.rindab.se\/en\/wp-json\/wp\/v2\/product"}],"about":[{"href":"https:\/\/www.rindab.se\/en\/wp-json\/wp\/v2\/types\/product"}],"replies":[{"embeddable":true,"href":"https:\/\/www.rindab.se\/en\/wp-json\/wp\/v2\/comments?post=1884"}],"wp:featuredmedia":[{"embeddable":true,"href":"https:\/\/www.rindab.se\/en\/wp-json\/wp\/v2\/media\/1885"}],"wp:attachment":[{"href":"https:\/\/www.rindab.se\/en\/wp-json\/wp\/v2\/media?parent=1884"}],"wp:term":[{"taxonomy":"product_brand","embeddable":true,"href":"https:\/\/www.rindab.se\/en\/wp-json\/wp\/v2\/product_brand?post=1884"},{"taxonomy":"product_cat","embeddable":true,"href":"https:\/\/www.rindab.se\/en\/wp-json\/wp\/v2\/product_cat?post=1884"},{"taxonomy":"product_tag","embeddable":true,"href":"https:\/\/www.rindab.se\/en\/wp-json\/wp\/v2\/product_tag?post=1884"}],"curies":[{"name":"wp","href":"https:\/\/api.w.org\/{rel}","templated":true}]}}