{"id":3754,"date":"2014-04-23T11:56:27","date_gmt":"2014-04-23T09:56:27","guid":{"rendered":"https:\/\/www.rindab.se\/produkt\/transporter-prime-12-led-10176\/"},"modified":"2025-12-23T08:51:20","modified_gmt":"2025-12-23T07:51:20","slug":"vision-x-transporter-prime-6-5-12-led-60w-10-e-marked","status":"publish","type":"product","link":"https:\/\/www.rindab.se\/en\/webshop\/vision-x-transporter-prime-6-5-12-led-60w-10-e-marked\/","title":{"rendered":"VISION X TRANSPORTER PRIME 6.5&#8243; 12 LED 60W 10\u00b0 E-MARKED"},"content":{"rendered":"<p><\/p>\n<p>Vision X Transporter med 12 st. dioder \u00e4r ett extraljus som ers\u00e4tter f\u00f6rra generationens belysning som halogen och xenon p\u00e5 fordon. Nu \u00e4r det slut p\u00e5 att byta trasiga gl\u00f6dlampor och urladdningsr\u00f6r.<\/p>\n<p><\/p>\n<p><\/p>\n<p><strong>Data:<\/strong><br \/>Transporter Prime 12 LED<br \/>Lamphus: 6061 aluminium.<br \/>F\u00e4ste: \u201cTrunnion\u201d f\u00e4ste 105 graders justeringsm\u00f6jlighet.<br \/>Enkel installation med endast + &amp; \u2013 kabel.<br \/>Kablage: Plug &amp; play kablage (Deutsch kontakter)<br \/>Sp\u00e4nning: 9-32 volt.<br \/>Litet inbyggnadsm\u00e5tt.<br \/>T\u00e5l h\u00e5rda p\u00e5frestningar fr\u00e5n v\u00e4der och vind.<br \/>Str\u00f6mf\u00f6rbrukning: 5 Amp vid 12 v.<br \/>IP klass: IP68<br \/>Vibrations klass: 15.6G<br \/>Diameter: 171 mm. (exkl. monteringsf\u00e4ste)<br \/>Djup: 116 mm.<br \/>Watt: 60<br \/>Antal LED: 12st x 5W<br \/>R\u00e5a lumen: 6 336<br \/>Effektiva lumen: 4 440<br \/>Livsl\u00e4ngd dioder: 50 000 timmar<br \/>Drivning dioder: 90 % av full effekt<br \/>Lins: Polykarbonat, n\u00e4st intill okrossbart<br \/>Optisk renhet: 90 %<br \/>Ljusbild: 10\u00b0 (Spot)<\/p>\n<p><\/p>","protected":false},"excerpt":{"rendered":"<p>Vision X Transporter med 12 st. dioder \u00e4r ett extraljus som ers\u00e4tter f\u00f6rra generationens belysning som halogen och xenon p\u00e5 fordon. Nu \u00e4r det slut p\u00e5 att byta trasiga gl\u00f6dlampor och urladdningsr\u00f6r.<\/p>\n<p><strong>Data:<\/strong><br \/>Transporter Prime 12 LED<br \/>Lamphus: 6061 aluminium.<br \/>F\u00e4ste: \u201cTrunnion\u201d f\u00e4ste 105 graders justeringsm\u00f6jlighet.<br \/>Enkel installation med endast + &amp; \u2013 kabel.<br \/>Kablage: Plug &amp; play kablage (Deutsch kontakter)<br \/>Sp\u00e4nning: 9-32 volt.<br \/>Litet inbyggnadsm\u00e5tt.<br \/>T\u00e5l h\u00e5rda p\u00e5frestningar fr\u00e5n v\u00e4der och vind.<br \/>Str\u00f6mf\u00f6rbrukning: 5 Amp vid 12 v.<br \/>IP klass: IP68<br \/>Vibrations klass: 15.6G<br \/>Diameter: 171 mm. (exkl. monteringsf\u00e4ste)<br \/>Djup: 116 mm.<br \/>Watt: 60<br \/>Antal LED: 12st x 5W<br \/>R\u00e5a lumen: 6 336<br \/>Effektiva lumen: 4 440<br \/>Livsl\u00e4ngd dioder: 50 000 timmar<br \/>Drivning dioder: 90 % av full effekt<br \/>Lins: Polykarbonat, n\u00e4st intill okrossbart<br \/>Optisk renhet: 90 %<br \/>Ljusbild: 10\u00b0 (Spot)<\/p>\n","protected":false},"featured_media":15677,"comment_status":"open","ping_status":"closed","template":"","meta":{"editor_notices":[]},"product_brand":[],"product_cat":[978,1032],"product_tag":[],"class_list":{"0":"post-3754","1":"product","2":"type-product","3":"status-publish","4":"has-post-thumbnail","6":"product_cat-led-driving-lights","7":"product_cat-vision-x-transporter","8":"","9":"woocommerce-text-align-left","10":"woocommerce-image-align-left","11":"do-quantity-buttons","13":"first","14":"instock","15":"taxable","16":"shipping-taxable","17":"purchasable","18":"product-type-simple"},"yoast_head":"<!-- This site is optimized with the Yoast SEO Premium plugin v25.0 (Yoast SEO v25.0) - https:\/\/yoast.com\/wordpress\/plugins\/seo\/ -->\n<title>VISION X TRANSPORTER PRIME 6.5&quot; 12 LED 60W 10\u00b0 E-MARKED - Rindab AB<\/title>\n<meta name=\"robots\" content=\"index, follow, max-snippet:-1, max-image-preview:large, max-video-preview:-1\" \/>\n<link rel=\"canonical\" href=\"https:\/\/www.rindab.se\/en\/webbutik\/vision-x-transporter-prime-6-5-12-led-60w-10-e-marked\/\" \/>\n<meta property=\"og:locale\" content=\"en_GB\" \/>\n<meta property=\"og:type\" content=\"article\" \/>\n<meta property=\"og:title\" content=\"VISION X TRANSPORTER PRIME 6.5&quot; 12 LED 60W 10\u00b0 E-MARKED\" \/>\n<meta property=\"og:description\" content=\"Vision X Transporter med 12 st. dioder \u00e4r ett extraljus som ers\u00e4tter f\u00f6rra generationens belysning som halogen och xenon p\u00e5 fordon. Nu \u00e4r det slut p\u00e5 att byta trasiga gl\u00f6dlampor och urladdningsr\u00f6r. Data:Transporter Prime 12 LEDLamphus: 6061 aluminium.F\u00e4ste: \u201cTrunnion\u201d f\u00e4ste 105 graders justeringsm\u00f6jlighet.Enkel installation med endast + &amp; \u2013 kabel.Kablage: Plug &amp; play kablage (Deutsch kontakter)Sp\u00e4nning: 9-32 volt.Litet inbyggnadsm\u00e5tt.T\u00e5l h\u00e5rda p\u00e5frestningar fr\u00e5n v\u00e4der och vind.Str\u00f6mf\u00f6rbrukning: 5 Amp vid 12 v.IP klass: IP68Vibrations klass: 15.6GDiameter: 171 mm. (exkl. monteringsf\u00e4ste)Djup: 116 mm.Watt: 60Antal LED: 12st x 5WR\u00e5a lumen: 6 336Effektiva lumen: 4 440Livsl\u00e4ngd dioder: 50 000 timmarDrivning dioder: 90 % av full effektLins: Polykarbonat, n\u00e4st intill okrossbartOptisk renhet: 90 %Ljusbild: 10\u00b0 (Spot)\" \/>\n<meta property=\"og:url\" content=\"https:\/\/www.rindab.se\/en\/webbutik\/vision-x-transporter-prime-6-5-12-led-60w-10-e-marked\/\" \/>\n<meta property=\"og:site_name\" content=\"Rindab AB\" \/>\n<meta property=\"article:modified_time\" content=\"2025-12-23T07:51:20+00:00\" \/>\n<meta property=\"og:image\" content=\"https:\/\/www.rindab.se\/wp-content\/uploads\/sites\/5\/2014\/04\/CTL-TPX1210.jpg\" \/>\n\t<meta property=\"og:image:width\" content=\"600\" \/>\n\t<meta property=\"og:image:height\" content=\"600\" \/>\n\t<meta property=\"og:image:type\" content=\"image\/jpeg\" \/>\n<meta name=\"twitter:card\" content=\"summary_large_image\" \/>\n<meta name=\"twitter:label1\" content=\"Price\" \/>\n\t<meta name=\"twitter:data1\" content=\"&euro;&nbsp;518.00 EUR excl. vat\" \/>\n\t<meta name=\"twitter:label2\" content=\"Availability\" \/>\n\t<meta name=\"twitter:data2\" content=\"In stock\" \/>\n<script type=\"application\/ld+json\" class=\"yoast-schema-graph\">{\"@context\":\"https:\/\/schema.org\",\"@graph\":[{\"@type\":\"WebPage\",\"@id\":\"https:\/\/www.rindab.se\/en\/webbutik\/vision-x-transporter-prime-6-5-12-led-60w-10-e-marked\/\",\"url\":\"https:\/\/www.rindab.se\/en\/webbutik\/vision-x-transporter-prime-6-5-12-led-60w-10-e-marked\/\",\"name\":\"VISION X TRANSPORTER PRIME 6.5\\\" 12 LED 60W 10\u00b0 E-MARKED - Rindab AB\",\"isPartOf\":{\"@id\":\"https:\/\/www.rindab.se\/en\/#website\"},\"primaryImageOfPage\":{\"@id\":\"https:\/\/www.rindab.se\/en\/webbutik\/vision-x-transporter-prime-6-5-12-led-60w-10-e-marked\/#primaryimage\"},\"image\":{\"@id\":\"https:\/\/www.rindab.se\/en\/webbutik\/vision-x-transporter-prime-6-5-12-led-60w-10-e-marked\/#primaryimage\"},\"thumbnailUrl\":\"https:\/\/www.rindab.se\/en\/wp-content\/uploads\/sites\/5\/2014\/04\/CTL-TPX1210.jpg\",\"datePublished\":\"2014-04-23T09:56:27+00:00\",\"dateModified\":\"2025-12-23T07:51:20+00:00\",\"breadcrumb\":{\"@id\":\"https:\/\/www.rindab.se\/en\/webbutik\/vision-x-transporter-prime-6-5-12-led-60w-10-e-marked\/#breadcrumb\"},\"inLanguage\":\"en-GB\",\"potentialAction\":[{\"@type\":\"ReadAction\",\"target\":[\"https:\/\/www.rindab.se\/en\/webbutik\/vision-x-transporter-prime-6-5-12-led-60w-10-e-marked\/\"]}]},{\"@type\":\"ImageObject\",\"inLanguage\":\"en-GB\",\"@id\":\"https:\/\/www.rindab.se\/en\/webbutik\/vision-x-transporter-prime-6-5-12-led-60w-10-e-marked\/#primaryimage\",\"url\":\"https:\/\/www.rindab.se\/en\/wp-content\/uploads\/sites\/5\/2014\/04\/CTL-TPX1210.jpg\",\"contentUrl\":\"https:\/\/www.rindab.se\/en\/wp-content\/uploads\/sites\/5\/2014\/04\/CTL-TPX1210.jpg\",\"width\":600,\"height\":600},{\"@type\":\"BreadcrumbList\",\"@id\":\"https:\/\/www.rindab.se\/en\/webbutik\/vision-x-transporter-prime-6-5-12-led-60w-10-e-marked\/#breadcrumb\",\"itemListElement\":[{\"@type\":\"ListItem\",\"position\":1,\"name\":\"Home\",\"item\":\"https:\/\/www.rindab.se\/en\/\"},{\"@type\":\"ListItem\",\"position\":2,\"name\":\"Webshop\",\"item\":\"https:\/\/www.rindab.se\/en\/webshop\/\"},{\"@type\":\"ListItem\",\"position\":3,\"name\":\"VISION X TRANSPORTER PRIME 6.5&#8243; 12 LED 60W 10\u00b0 E-MARKED\"}]},{\"@type\":\"WebSite\",\"@id\":\"https:\/\/www.rindab.se\/en\/#website\",\"url\":\"https:\/\/www.rindab.se\/en\/\",\"name\":\"Rindab AB\",\"description\":\"We have the vehicle specific products you need\",\"publisher\":{\"@id\":\"https:\/\/www.rindab.se\/en\/#organization\"},\"potentialAction\":[{\"@type\":\"SearchAction\",\"target\":{\"@type\":\"EntryPoint\",\"urlTemplate\":\"https:\/\/www.rindab.se\/en\/?s={search_term_string}\"},\"query-input\":{\"@type\":\"PropertyValueSpecification\",\"valueRequired\":true,\"valueName\":\"search_term_string\"}}],\"inLanguage\":\"en-GB\"},{\"@type\":\"Organization\",\"@id\":\"https:\/\/www.rindab.se\/en\/#organization\",\"name\":\"Rindab AB\",\"url\":\"https:\/\/www.rindab.se\/en\/\",\"logo\":{\"@type\":\"ImageObject\",\"inLanguage\":\"en-GB\",\"@id\":\"https:\/\/www.rindab.se\/en\/#\/schema\/logo\/image\/\",\"url\":\"https:\/\/www.rindab.se\/en\/wp-content\/uploads\/sites\/5\/2020\/12\/cropped-RINDAB-LOGO-2018-1.png\",\"contentUrl\":\"https:\/\/www.rindab.se\/en\/wp-content\/uploads\/sites\/5\/2020\/12\/cropped-RINDAB-LOGO-2018-1.png\",\"width\":516,\"height\":79,\"caption\":\"Rindab AB\"},\"image\":{\"@id\":\"https:\/\/www.rindab.se\/en\/#\/schema\/logo\/image\/\"}}]}<\/script>\n<meta property=\"product:price:amount\" content=\"518.00\" \/>\n<meta property=\"product:price:currency\" content=\"EUR\" \/>\n<meta property=\"og:availability\" content=\"instock\" \/>\n<meta property=\"product:availability\" content=\"instock\" \/>\n<meta property=\"product:retailer_item_id\" content=\"CTL-TPX1210\" \/>\n<meta property=\"product:condition\" content=\"new\" \/>\n<!-- \/ Yoast SEO Premium plugin. -->","yoast_head_json":{"title":"VISION X TRANSPORTER PRIME 6.5\" 12 LED 60W 10\u00b0 E-MARKED - Rindab AB","robots":{"index":"index","follow":"follow","max-snippet":"max-snippet:-1","max-image-preview":"max-image-preview:large","max-video-preview":"max-video-preview:-1"},"canonical":"https:\/\/www.rindab.se\/en\/webbutik\/vision-x-transporter-prime-6-5-12-led-60w-10-e-marked\/","og_locale":"en_GB","og_type":"article","og_title":"VISION X TRANSPORTER PRIME 6.5\" 12 LED 60W 10\u00b0 E-MARKED","og_description":"Vision X Transporter med 12 st. dioder \u00e4r ett extraljus som ers\u00e4tter f\u00f6rra generationens belysning som halogen och xenon p\u00e5 fordon. Nu \u00e4r det slut p\u00e5 att byta trasiga gl\u00f6dlampor och urladdningsr\u00f6r. Data:Transporter Prime 12 LEDLamphus: 6061 aluminium.F\u00e4ste: \u201cTrunnion\u201d f\u00e4ste 105 graders justeringsm\u00f6jlighet.Enkel installation med endast + &amp; \u2013 kabel.Kablage: Plug &amp; play kablage (Deutsch kontakter)Sp\u00e4nning: 9-32 volt.Litet inbyggnadsm\u00e5tt.T\u00e5l h\u00e5rda p\u00e5frestningar fr\u00e5n v\u00e4der och vind.Str\u00f6mf\u00f6rbrukning: 5 Amp vid 12 v.IP klass: IP68Vibrations klass: 15.6GDiameter: 171 mm. (exkl. monteringsf\u00e4ste)Djup: 116 mm.Watt: 60Antal LED: 12st x 5WR\u00e5a lumen: 6 336Effektiva lumen: 4 440Livsl\u00e4ngd dioder: 50 000 timmarDrivning dioder: 90 % av full effektLins: Polykarbonat, n\u00e4st intill okrossbartOptisk renhet: 90 %Ljusbild: 10\u00b0 (Spot)","og_url":"https:\/\/www.rindab.se\/en\/webbutik\/vision-x-transporter-prime-6-5-12-led-60w-10-e-marked\/","og_site_name":"Rindab AB","article_modified_time":"2025-12-23T07:51:20+00:00","og_image":[{"width":600,"height":600,"url":"https:\/\/www.rindab.se\/wp-content\/uploads\/sites\/5\/2014\/04\/CTL-TPX1210.jpg","type":"image\/jpeg"}],"twitter_card":"summary_large_image","twitter_misc":{"Price":"&euro;&nbsp;518.00 EUR excl. vat","Availability":"In stock"},"schema":{"@context":"https:\/\/schema.org","@graph":[{"@type":"WebPage","@id":"https:\/\/www.rindab.se\/en\/webbutik\/vision-x-transporter-prime-6-5-12-led-60w-10-e-marked\/","url":"https:\/\/www.rindab.se\/en\/webbutik\/vision-x-transporter-prime-6-5-12-led-60w-10-e-marked\/","name":"VISION X TRANSPORTER PRIME 6.5\" 12 LED 60W 10\u00b0 E-MARKED - Rindab AB","isPartOf":{"@id":"https:\/\/www.rindab.se\/en\/#website"},"primaryImageOfPage":{"@id":"https:\/\/www.rindab.se\/en\/webbutik\/vision-x-transporter-prime-6-5-12-led-60w-10-e-marked\/#primaryimage"},"image":{"@id":"https:\/\/www.rindab.se\/en\/webbutik\/vision-x-transporter-prime-6-5-12-led-60w-10-e-marked\/#primaryimage"},"thumbnailUrl":"https:\/\/www.rindab.se\/en\/wp-content\/uploads\/sites\/5\/2014\/04\/CTL-TPX1210.jpg","datePublished":"2014-04-23T09:56:27+00:00","dateModified":"2025-12-23T07:51:20+00:00","breadcrumb":{"@id":"https:\/\/www.rindab.se\/en\/webbutik\/vision-x-transporter-prime-6-5-12-led-60w-10-e-marked\/#breadcrumb"},"inLanguage":"en-GB","potentialAction":[{"@type":"ReadAction","target":["https:\/\/www.rindab.se\/en\/webbutik\/vision-x-transporter-prime-6-5-12-led-60w-10-e-marked\/"]}]},{"@type":"ImageObject","inLanguage":"en-GB","@id":"https:\/\/www.rindab.se\/en\/webbutik\/vision-x-transporter-prime-6-5-12-led-60w-10-e-marked\/#primaryimage","url":"https:\/\/www.rindab.se\/en\/wp-content\/uploads\/sites\/5\/2014\/04\/CTL-TPX1210.jpg","contentUrl":"https:\/\/www.rindab.se\/en\/wp-content\/uploads\/sites\/5\/2014\/04\/CTL-TPX1210.jpg","width":600,"height":600},{"@type":"BreadcrumbList","@id":"https:\/\/www.rindab.se\/en\/webbutik\/vision-x-transporter-prime-6-5-12-led-60w-10-e-marked\/#breadcrumb","itemListElement":[{"@type":"ListItem","position":1,"name":"Home","item":"https:\/\/www.rindab.se\/en\/"},{"@type":"ListItem","position":2,"name":"Webshop","item":"https:\/\/www.rindab.se\/en\/webshop\/"},{"@type":"ListItem","position":3,"name":"VISION X TRANSPORTER PRIME 6.5&#8243; 12 LED 60W 10\u00b0 E-MARKED"}]},{"@type":"WebSite","@id":"https:\/\/www.rindab.se\/en\/#website","url":"https:\/\/www.rindab.se\/en\/","name":"Rindab AB","description":"We have the vehicle specific products you need","publisher":{"@id":"https:\/\/www.rindab.se\/en\/#organization"},"potentialAction":[{"@type":"SearchAction","target":{"@type":"EntryPoint","urlTemplate":"https:\/\/www.rindab.se\/en\/?s={search_term_string}"},"query-input":{"@type":"PropertyValueSpecification","valueRequired":true,"valueName":"search_term_string"}}],"inLanguage":"en-GB"},{"@type":"Organization","@id":"https:\/\/www.rindab.se\/en\/#organization","name":"Rindab AB","url":"https:\/\/www.rindab.se\/en\/","logo":{"@type":"ImageObject","inLanguage":"en-GB","@id":"https:\/\/www.rindab.se\/en\/#\/schema\/logo\/image\/","url":"https:\/\/www.rindab.se\/en\/wp-content\/uploads\/sites\/5\/2020\/12\/cropped-RINDAB-LOGO-2018-1.png","contentUrl":"https:\/\/www.rindab.se\/en\/wp-content\/uploads\/sites\/5\/2020\/12\/cropped-RINDAB-LOGO-2018-1.png","width":516,"height":79,"caption":"Rindab AB"},"image":{"@id":"https:\/\/www.rindab.se\/en\/#\/schema\/logo\/image\/"}}]},"product_price_amount":"518.00","product_price_currency":"EUR","og_availability":"instock","product_availability":"instock","product_retailer_item_id":"CTL-TPX1210","product_condition":"new"},"_links":{"self":[{"href":"https:\/\/www.rindab.se\/en\/wp-json\/wp\/v2\/product\/3754","targetHints":{"allow":["GET"]}}],"collection":[{"href":"https:\/\/www.rindab.se\/en\/wp-json\/wp\/v2\/product"}],"about":[{"href":"https:\/\/www.rindab.se\/en\/wp-json\/wp\/v2\/types\/product"}],"replies":[{"embeddable":true,"href":"https:\/\/www.rindab.se\/en\/wp-json\/wp\/v2\/comments?post=3754"}],"wp:featuredmedia":[{"embeddable":true,"href":"https:\/\/www.rindab.se\/en\/wp-json\/wp\/v2\/media\/15677"}],"wp:attachment":[{"href":"https:\/\/www.rindab.se\/en\/wp-json\/wp\/v2\/media?parent=3754"}],"wp:term":[{"taxonomy":"product_brand","embeddable":true,"href":"https:\/\/www.rindab.se\/en\/wp-json\/wp\/v2\/product_brand?post=3754"},{"taxonomy":"product_cat","embeddable":true,"href":"https:\/\/www.rindab.se\/en\/wp-json\/wp\/v2\/product_cat?post=3754"},{"taxonomy":"product_tag","embeddable":true,"href":"https:\/\/www.rindab.se\/en\/wp-json\/wp\/v2\/product_tag?post=3754"}],"curies":[{"name":"wp","href":"https:\/\/api.w.org\/{rel}","templated":true}]}}